{"id":328,"date":"2021-01-25T17:12:52","date_gmt":"2021-01-25T16:12:52","guid":{"rendered":"http:\/\/5xgineering.com\/?page_id=328"},"modified":"2021-01-30T10:23:48","modified_gmt":"2021-01-30T09:23:48","slug":"correlation-mesure","status":"publish","type":"page","link":"https:\/\/5xgineering.com\/?page_id=328","title":{"rendered":"Corr\u00e9lation des mesures de puissance entre analyseur de spectre et PowerMeter"},"content":{"rendered":"\n<p class=\"has-text-align-left has-bright-blue-color has-text-color has-medium-font-size\">Lors de la mise au point de son installation satellite DATV pour QO100, Pierre F4JXP s\u2019est trouv\u00e9 confront\u00e9 \u00e0 des mesures de puissance non concordantes entre celles donn\u00e9es par son PowerMeter Bird43 et son analyseur de spectre HP 8594E.<br>En effet l\u2019analyseur de spectre donnait des valeurs d\u2019environ 10 dB inf\u00e9rieures \u00e0 celles lues sur le PowerMeter Bird43 \u2026. ?<\/p>\n\n\n\n<p class=\"has-bright-blue-color has-text-color has-medium-font-size\">Pourquoi ?<\/p>\n\n\n\n<h2 class=\"wp-block-heading\">V\u00e9rifications de l\u2019installation<\/h2>\n\n\n\n<figure class=\"wp-block-image size-large\"><img loading=\"lazy\" decoding=\"async\" width=\"1024\" height=\"454\" src=\"http:\/\/5xgineering.com\/wp-content\/uploads\/2021\/01\/Mesures_DATV-JXP-1024x454.jpg\" alt=\"Montage test F4JXP\" class=\"wp-image-340\" srcset=\"https:\/\/5xgineering.com\/wp-content\/uploads\/2021\/01\/Mesures_DATV-JXP-1024x454.jpg 1024w, https:\/\/5xgineering.com\/wp-content\/uploads\/2021\/01\/Mesures_DATV-JXP-300x133.jpg 300w, https:\/\/5xgineering.com\/wp-content\/uploads\/2021\/01\/Mesures_DATV-JXP-768x340.jpg 768w, https:\/\/5xgineering.com\/wp-content\/uploads\/2021\/01\/Mesures_DATV-JXP-1536x680.jpg 1536w, https:\/\/5xgineering.com\/wp-content\/uploads\/2021\/01\/Mesures_DATV-JXP-1200x531.jpg 1200w, https:\/\/5xgineering.com\/wp-content\/uploads\/2021\/01\/Mesures_DATV-JXP.jpg 1838w\" sizes=\"auto, (max-width: 709px) 85vw, (max-width: 909px) 67vw, (max-width: 1362px) 62vw, 840px\" \/><figcaption><strong>Figure 1<\/strong><\/figcaption><\/figure>\n\n\n\n<p>La figure 1 ci-dessus montre le montage r\u00e9alis\u00e9.<\/p>\n\n\n\n<p>Un g\u00e9n\u00e9rateur de test R&amp;S SFQ g\u00e9n\u00e8re un signal de r\u00e9f\u00e9rence en QPSK DVB-S, avec un niveau de sortie r\u00e9gl\u00e9 \u00e0 -20dBm, qui attaque un pr\u00e9amplificateur, suivi d\u2019une cha\u00eene d\u2019amplification quasi lin\u00e9aire fournissant une puissance de sortie pouvant aller jusqu\u2019\u00e0 100 watts \u00e0 2405MHz.<\/p>\n\n\n\n<p>Pour ces essais le niveau de puissance de sortie a \u00e9t\u00e9 ajust\u00e9 \u00e0 environ 20-25W.<\/p>\n\n\n\n<p>En sortie de &nbsp;cette 1<sup>\u00e8re<\/sup> cha\u00eene est ins\u00e9r\u00e9 un PowerMeter Bird43 \u00e9quip\u00e9 d\u2019un bouchon 50L (50W @<strong> <\/strong>1700-2200 MHz) la diff\u00e9rence de pr\u00e9cision \u00e0 2405MHz est n\u00e9gligeable.<\/p>\n\n\n\n<p>Ensuite un coupleur directionnel de pr\u00e9cision de -40dB est ins\u00e9r\u00e9 sur une charge de 50\u03a9\/100W sur sa sortie passante.<\/p>\n\n\n\n<p>Sa sortie -40dB est reli\u00e9e \u00e0 l\u2019entr\u00e9e de l\u2019analyseur de spectre par un c\u00e2ble coaxial dont la perte d\u2019insertion est de 0,6dB \u00e0 2405MHz.<\/p>\n\n\n\n<p>L\u2019analyseur 8594E n\u2019est pas satur\u00e9, un coupleur directionnel de -40dB \u00e0 la fr\u00e9quence de mesure (2405MHz) est ins\u00e9r\u00e9 entre le Bird43 et la charge 50\u03a9, et re\u00e7oit \u00e0 son entr\u00e9e un niveau d\u2019environ 0dBm.<\/p>\n\n\n\n<p>Un moyennage sur 50 mesures \u00ab&nbsp;lisse&nbsp;\u00bb la r\u00e9ponse amplitude\/fr\u00e9quence pour int\u00e9grer les pointes de quelques dB sur la partie sup\u00e9rieure de la courbe.<\/p>\n\n\n\n<p>Le marqueur sans cette possibilit\u00e9 fluctue trop pour \u00eatre utilisable.<\/p>\n\n\n\n<hr class=\"wp-block-separator\"\/>\n\n\n\n<div class=\"wp-block-buttons aligncenter is-layout-flex wp-block-buttons-is-layout-flex\"><\/div>\n\n\n\n<p>Le document complet en pdf est <a href=\"http:\/\/5xgineering.com\/?wpdmpro=correlation-des-mesures-de-puissance-entre-analyseur-de-spectre-et-powermeter\">l\u00e0 <\/a>:<\/p>\n\n\n\n<p>La feuille de calcul Excel est t\u00e9l\u00e9chargeable <a href=\"http:\/\/5xgineering.com\/?wpdmpro=puissance-feuille-excel\" data-type=\"URL\" data-id=\"http:\/\/5xgineering.com\/?wpdmpro=puissance-feuille-excel\">l\u00e0 <\/a>:<\/p>\n","protected":false},"excerpt":{"rendered":"<p>Lors de la mise au point de son installation satellite DATV pour QO100, Pierre F4JXP s\u2019est trouv\u00e9 confront\u00e9 \u00e0 des mesures de puissance non concordantes entre celles donn\u00e9es par son PowerMeter Bird43 et son analyseur de spectre HP 8594E.En effet l\u2019analyseur de spectre donnait des valeurs d\u2019environ 10 dB inf\u00e9rieures \u00e0 celles lues sur le &hellip; <a href=\"https:\/\/5xgineering.com\/?page_id=328\" class=\"more-link\">Continuer la lecture<span class=\"screen-reader-text\"> de &laquo;&nbsp;Corr\u00e9lation des mesures de puissance entre analyseur de spectre et PowerMeter&nbsp;&raquo;<\/span><\/a><\/p>\n","protected":false},"author":1,"featured_media":0,"parent":0,"menu_order":0,"comment_status":"closed","ping_status":"closed","template":"","meta":{"footnotes":""},"class_list":["post-328","page","type-page","status-publish","hentry"],"_links":{"self":[{"href":"https:\/\/5xgineering.com\/index.php?rest_route=\/wp\/v2\/pages\/328","targetHints":{"allow":["GET"]}}],"collection":[{"href":"https:\/\/5xgineering.com\/index.php?rest_route=\/wp\/v2\/pages"}],"about":[{"href":"https:\/\/5xgineering.com\/index.php?rest_route=\/wp\/v2\/types\/page"}],"author":[{"embeddable":true,"href":"https:\/\/5xgineering.com\/index.php?rest_route=\/wp\/v2\/users\/1"}],"replies":[{"embeddable":true,"href":"https:\/\/5xgineering.com\/index.php?rest_route=%2Fwp%2Fv2%2Fcomments&post=328"}],"version-history":[{"count":19,"href":"https:\/\/5xgineering.com\/index.php?rest_route=\/wp\/v2\/pages\/328\/revisions"}],"predecessor-version":[{"id":382,"href":"https:\/\/5xgineering.com\/index.php?rest_route=\/wp\/v2\/pages\/328\/revisions\/382"}],"wp:attachment":[{"href":"https:\/\/5xgineering.com\/index.php?rest_route=%2Fwp%2Fv2%2Fmedia&parent=328"}],"curies":[{"name":"wp","href":"https:\/\/api.w.org\/{rel}","templated":true}]}}