{"id":405,"date":"2023-07-30T12:11:03","date_gmt":"2023-07-30T10:11:03","guid":{"rendered":"https:\/\/5xgineering.com\/?page_id=405"},"modified":"2023-08-03T11:28:53","modified_gmt":"2023-08-03T09:28:53","slug":"commande-attenuateur-3x-pe43703","status":"publish","type":"page","link":"https:\/\/5xgineering.com\/?page_id=405","title":{"rendered":"Commande att\u00e9nuateur 3x PE43703"},"content":{"rendered":"\n<p>Cette carte de commande est destin\u00e9e \u00e0 l\u2019att\u00e9nuateur incluant trois circuits int\u00e9gr\u00e9s PE43703 avec sa logique de gestion.<\/p>\n\n\n\n<p>C\u2019est la suite du montage de test de fonctionnement d\u00e9crit dans le document <a href=\"https:\/\/tinyurl.com\/2khxc5he\">description 3x pe43703.docx<\/a> .<\/p>\n\n\n\n<div class=\"wp-block-group\"><div class=\"wp-block-group__inner-container is-layout-constrained wp-block-group-is-layout-constrained\">\n<figure class=\"wp-block-gallery has-nested-images columns-default is-cropped wp-block-gallery-1 is-layout-flex wp-block-gallery-is-layout-flex\">\n<figure class=\"wp-block-image size-large\"><img loading=\"lazy\" decoding=\"async\" width=\"1024\" height=\"768\" data-id=\"407\" src=\"https:\/\/5xgineering.com\/wp-content\/uploads\/2023\/07\/20230728_191821-1024x768.jpg\" alt=\"\" class=\"wp-image-407\" srcset=\"https:\/\/5xgineering.com\/wp-content\/uploads\/2023\/07\/20230728_191821-1024x768.jpg 1024w, https:\/\/5xgineering.com\/wp-content\/uploads\/2023\/07\/20230728_191821-300x225.jpg 300w, https:\/\/5xgineering.com\/wp-content\/uploads\/2023\/07\/20230728_191821-768x576.jpg 768w, https:\/\/5xgineering.com\/wp-content\/uploads\/2023\/07\/20230728_191821-1536x1152.jpg 1536w, https:\/\/5xgineering.com\/wp-content\/uploads\/2023\/07\/20230728_191821-2048x1536.jpg 2048w, https:\/\/5xgineering.com\/wp-content\/uploads\/2023\/07\/20230728_191821-1200x900.jpg 1200w\" sizes=\"auto, (max-width: 709px) 85vw, (max-width: 909px) 67vw, (max-width: 1362px) 62vw, 840px\" \/><figcaption class=\"wp-element-caption\">Afficheur et switch 5 voies<\/figcaption><\/figure>\n\n\n\n<figure class=\"wp-block-image size-large\"><img loading=\"lazy\" decoding=\"async\" width=\"1024\" height=\"768\" data-id=\"416\" src=\"https:\/\/5xgineering.com\/wp-content\/uploads\/2023\/07\/20230728_191840-1024x768.jpg\" alt=\"\" class=\"wp-image-416\" srcset=\"https:\/\/5xgineering.com\/wp-content\/uploads\/2023\/07\/20230728_191840-1024x768.jpg 1024w, https:\/\/5xgineering.com\/wp-content\/uploads\/2023\/07\/20230728_191840-300x225.jpg 300w, https:\/\/5xgineering.com\/wp-content\/uploads\/2023\/07\/20230728_191840-768x576.jpg 768w, https:\/\/5xgineering.com\/wp-content\/uploads\/2023\/07\/20230728_191840-1536x1152.jpg 1536w, https:\/\/5xgineering.com\/wp-content\/uploads\/2023\/07\/20230728_191840-2048x1536.jpg 2048w, https:\/\/5xgineering.com\/wp-content\/uploads\/2023\/07\/20230728_191840-1200x900.jpg 1200w\" sizes=\"auto, (max-width: 709px) 85vw, (max-width: 909px) 67vw, (max-width: 1362px) 62vw, 840px\" \/><figcaption class=\"wp-element-caption\">Montage final<\/figcaption><\/figure>\n\n\n\n<figure class=\"wp-block-image size-large\"><img loading=\"lazy\" decoding=\"async\" width=\"1024\" height=\"880\" data-id=\"412\" src=\"https:\/\/5xgineering.com\/wp-content\/uploads\/2023\/07\/20230728_191858-1024x880.jpg\" alt=\"\" class=\"wp-image-412\" srcset=\"https:\/\/5xgineering.com\/wp-content\/uploads\/2023\/07\/20230728_191858-1024x880.jpg 1024w, https:\/\/5xgineering.com\/wp-content\/uploads\/2023\/07\/20230728_191858-300x258.jpg 300w, https:\/\/5xgineering.com\/wp-content\/uploads\/2023\/07\/20230728_191858-768x660.jpg 768w, https:\/\/5xgineering.com\/wp-content\/uploads\/2023\/07\/20230728_191858-1536x1320.jpg 1536w, https:\/\/5xgineering.com\/wp-content\/uploads\/2023\/07\/20230728_191858-2048x1760.jpg 2048w, https:\/\/5xgineering.com\/wp-content\/uploads\/2023\/07\/20230728_191858-1200x1032.jpg 1200w\" sizes=\"auto, (max-width: 709px) 85vw, (max-width: 909px) 67vw, (max-width: 1362px) 62vw, 840px\" \/><figcaption class=\"wp-element-caption\">Carte c\u00e2bl\u00e9e<\/figcaption><\/figure>\n<\/figure>\n<\/div><\/div>\n\n\n\n<div class=\"wp-block-group\"><div class=\"wp-block-group__inner-container is-layout-constrained wp-block-group-is-layout-constrained\">\n<p>C\u2019est la suite du montage de test de fonctionnement d\u00e9crit dans le document <a href=\"https:\/\/tinyurl.com\/2khxc5he\">description 3x pe43703.docx<\/a>.<\/p>\n\n\n\n<p>Le montage de test utilisait une carte ARDUINO Mega 2560, un peu surdimensionn\u00e9e pour g\u00e9rer cet att\u00e9nuateur.<\/p>\n\n\n\n<p>J\u2019ai dessin\u00e9 une carte de faibles dimensions utilisant un ARDUINO Nano, un afficheur LCD deux lignes I<sup>2<\/sup>C et un \u00ab&nbsp;Switch&nbsp;\u00bb 5 voies&nbsp;:<\/p>\n\n\n\n<figure class=\"wp-block-image size-full\"><img loading=\"lazy\" decoding=\"async\" width=\"875\" height=\"885\" src=\"https:\/\/5xgineering.com\/wp-content\/uploads\/2023\/07\/Schema-Nano.jpg\" alt=\"\" class=\"wp-image-421\" srcset=\"https:\/\/5xgineering.com\/wp-content\/uploads\/2023\/07\/Schema-Nano.jpg 875w, https:\/\/5xgineering.com\/wp-content\/uploads\/2023\/07\/Schema-Nano-297x300.jpg 297w, https:\/\/5xgineering.com\/wp-content\/uploads\/2023\/07\/Schema-Nano-768x777.jpg 768w\" sizes=\"auto, (max-width: 709px) 85vw, (max-width: 909px) 67vw, (max-width: 1362px) 62vw, 840px\" \/><\/figure>\n<\/div><\/div>\n\n\n\n<p>Le sketch Nano_debounce.ino \u00e9vite les rebondissements du Switch 5 voies.<\/p>\n\n\n\n<p>Le dernier r\u00e9glage d\u2019att\u00e9nuation est sauvegard\u00e9 et recharg\u00e9 \u00e0 la mise en service suivante.<\/p>\n\n\n\n<p>Rien d\u2019autre de sp\u00e9cial.<\/p>\n\n\n\n<p>Les commentaires sont volontairement en anglais.<\/p>\n\n\n\n<div class=\"wp-block-buttons is-layout-flex wp-block-buttons-is-layout-flex\">\n<div class=\"wp-block-button\"><a class=\"wp-block-button__link wp-element-button\" href=\"https:\/\/5xgineering.com\/?wpdmpro=sketch-nano_debounce-ino\">T\u00e9l\u00e9charger fichier ino<\/a><\/div>\n<\/div>\n\n\n\n<hr class=\"wp-block-separator has-alpha-channel-opacity\"\/>\n\n\n\n<div class=\"wp-block-buttons is-layout-flex wp-block-buttons-is-layout-flex\">\n<div class=\"wp-block-button\"><a class=\"wp-block-button__link wp-element-button\" href=\"https:\/\/5xgineering.com\/?wpdmpro=doc-complete-en-pdf\" target=\"_blank\" rel=\"noreferrer noopener\">Document a t\u00e9l\u00e9charger<\/a><\/div>\n<\/div>\n","protected":false},"excerpt":{"rendered":"<p>Cette carte de commande est destin\u00e9e \u00e0 l\u2019att\u00e9nuateur incluant trois circuits int\u00e9gr\u00e9s PE43703 avec sa logique de gestion. C\u2019est la suite du montage de test de fonctionnement d\u00e9crit dans le document description 3x pe43703.docx . C\u2019est la suite du montage de test de fonctionnement d\u00e9crit dans le document description 3x pe43703.docx. Le montage de test &hellip; <a href=\"https:\/\/5xgineering.com\/?page_id=405\" class=\"more-link\">Continuer la lecture<span class=\"screen-reader-text\"> de &laquo;&nbsp;Commande att\u00e9nuateur 3x PE43703&nbsp;&raquo;<\/span><\/a><\/p>\n","protected":false},"author":1,"featured_media":0,"parent":0,"menu_order":0,"comment_status":"closed","ping_status":"closed","template":"","meta":{"footnotes":""},"class_list":["post-405","page","type-page","status-publish","hentry"],"_links":{"self":[{"href":"https:\/\/5xgineering.com\/index.php?rest_route=\/wp\/v2\/pages\/405","targetHints":{"allow":["GET"]}}],"collection":[{"href":"https:\/\/5xgineering.com\/index.php?rest_route=\/wp\/v2\/pages"}],"about":[{"href":"https:\/\/5xgineering.com\/index.php?rest_route=\/wp\/v2\/types\/page"}],"author":[{"embeddable":true,"href":"https:\/\/5xgineering.com\/index.php?rest_route=\/wp\/v2\/users\/1"}],"replies":[{"embeddable":true,"href":"https:\/\/5xgineering.com\/index.php?rest_route=%2Fwp%2Fv2%2Fcomments&post=405"}],"version-history":[{"count":12,"href":"https:\/\/5xgineering.com\/index.php?rest_route=\/wp\/v2\/pages\/405\/revisions"}],"predecessor-version":[{"id":442,"href":"https:\/\/5xgineering.com\/index.php?rest_route=\/wp\/v2\/pages\/405\/revisions\/442"}],"wp:attachment":[{"href":"https:\/\/5xgineering.com\/index.php?rest_route=%2Fwp%2Fv2%2Fmedia&parent=405"}],"curies":[{"name":"wp","href":"https:\/\/api.w.org\/{rel}","templated":true}]}}